{"id":2,"date":"2017-05-10T14:54:51","date_gmt":"2017-05-10T12:54:51","guid":{"rendered":"http:\/\/narsil.net\/test\/?page_id=2"},"modified":"2020-08-18T08:12:03","modified_gmt":"2020-08-18T06:12:03","slug":"przykladowa-strona","status":"publish","type":"page","link":"https:\/\/narsil.net\/","title":{"rendered":"Home"},"content":{"rendered":"<div class=\"panel-grid\">\n<div class=\"panel-grid-core\">\n<div class=\"divider\"><\/div>\n<div class=\"one_half\">\n\n<div class=\"wpcf7 no-js\" id=\"wpcf7-f51-o1\" lang=\"pl-PL\" dir=\"ltr\">\n<div class=\"screen-reader-response\"><p role=\"status\" aria-live=\"polite\" aria-atomic=\"true\"><\/p> <ul><\/ul><\/div>\n<form action=\"\/index.php?rest_route=%2Fwp%2Fv2%2Fpages%2F2#wpcf7-f51-o1\" method=\"post\" class=\"wpcf7-form init\" aria-label=\"Contact form\" novalidate=\"novalidate\" data-status=\"init\">\n<div style=\"display: none;\">\n<input type=\"hidden\" name=\"_wpcf7\" value=\"51\" \/>\n<input type=\"hidden\" name=\"_wpcf7_version\" value=\"5.7.7\" \/>\n<input type=\"hidden\" name=\"_wpcf7_locale\" value=\"pl_PL\" \/>\n<input type=\"hidden\" name=\"_wpcf7_unit_tag\" value=\"wpcf7-f51-o1\" \/>\n<input type=\"hidden\" name=\"_wpcf7_container_post\" value=\"0\" \/>\n<input type=\"hidden\" name=\"_wpcf7_posted_data_hash\" value=\"\" \/>\n<input type=\"hidden\" name=\"_wpcf7_recaptcha_response\" value=\"\" \/>\n<\/div>\n<p><a name=\"Formularz_kontaktowy\"><\/a>\n<\/p>\n<h3><strong>Formularz kontaktowy<\/strong>\n<\/h3>\n<p><label> Imi\u0119 i nazwisko (wymagane)<br \/>\n<span class=\"wpcf7-form-control-wrap\" data-name=\"your-name\"><input size=\"40\" class=\"wpcf7-form-control wpcf7-text wpcf7-validates-as-required\" aria-required=\"true\" aria-invalid=\"false\" value=\"\" type=\"text\" name=\"your-name\" \/><\/span> <\/label>\n<\/p>\n<p><label> Adres email (wymagane)<br \/>\n<span class=\"wpcf7-form-control-wrap\" data-name=\"your-email\"><input size=\"40\" class=\"wpcf7-form-control wpcf7-text wpcf7-email wpcf7-validates-as-required wpcf7-validates-as-email\" aria-required=\"true\" aria-invalid=\"false\" value=\"\" type=\"email\" name=\"your-email\" \/><\/span> <\/label>\n<\/p>\n<p><label> Temat<br \/>\n<span class=\"wpcf7-form-control-wrap\" data-name=\"your-subject\"><input size=\"40\" class=\"wpcf7-form-control wpcf7-text\" aria-invalid=\"false\" value=\"\" type=\"text\" name=\"your-subject\" \/><\/span> <\/label>\n<\/p>\n<p><label> Tre\u015b\u0107 wiadomo\u015bci<br \/>\n<span class=\"wpcf7-form-control-wrap\" data-name=\"your-message\"><textarea cols=\"40\" rows=\"10\" class=\"wpcf7-form-control wpcf7-textarea\" aria-invalid=\"false\" name=\"your-message\"><\/textarea><\/span> <\/label>\n<\/p>\n<p><input class=\"wpcf7-form-control has-spinner wpcf7-submit\" type=\"submit\" value=\"Wy\u015blij\" \/>\n<\/p><div class=\"wpcf7-response-output\" aria-hidden=\"true\"><\/div>\n<\/form>\n<\/div>\n<\/div>\n<div class=\"one_half last\">\n<div class=\"margin40\"><\/div>\n<p><iframe loading=\"lazy\" src=\"https:\/\/www.google.com\/maps\/embed?pb=!1m18!1m12!1m3!1d2464.8885627923846!2d16.744777315782382!3d51.84473087969201!2m3!1f0!2f0!3f0!3m2!1i1024!2i768!4f13.1!3m3!1m2!1s0x47059f7e47f07e0d%3A0x2bace368b0b32f03!2sNarsil.net!5e0!3m2!1spl!2spl!4v1513060808929\" width=\"600\" height=\"450\" frameborder=\"0\" style=\"border:0\" allowfullscreen=\"\"><\/iframe><\/p>\n<\/div>\n<\/div>\n<\/div>\n","protected":false},"excerpt":{"rendered":"","protected":false},"author":1,"featured_media":0,"parent":0,"menu_order":0,"comment_status":"closed","ping_status":"closed","template":"template-contact.php","meta":{"footnotes":""},"categories":[],"tags":[],"class_list":["post-2","page","type-page","status-publish","hentry"],"_links":{"self":[{"href":"https:\/\/narsil.net\/index.php?rest_route=\/wp\/v2\/pages\/2","targetHints":{"allow":["GET"]}}],"collection":[{"href":"https:\/\/narsil.net\/index.php?rest_route=\/wp\/v2\/pages"}],"about":[{"href":"https:\/\/narsil.net\/index.php?rest_route=\/wp\/v2\/types\/page"}],"author":[{"embeddable":true,"href":"https:\/\/narsil.net\/index.php?rest_route=\/wp\/v2\/users\/1"}],"replies":[{"embeddable":true,"href":"https:\/\/narsil.net\/index.php?rest_route=%2Fwp%2Fv2%2Fcomments&post=2"}],"version-history":[{"count":27,"href":"https:\/\/narsil.net\/index.php?rest_route=\/wp\/v2\/pages\/2\/revisions"}],"predecessor-version":[{"id":163,"href":"https:\/\/narsil.net\/index.php?rest_route=\/wp\/v2\/pages\/2\/revisions\/163"}],"wp:attachment":[{"href":"https:\/\/narsil.net\/index.php?rest_route=%2Fwp%2Fv2%2Fmedia&parent=2"}],"wp:term":[{"taxonomy":"category","embeddable":true,"href":"https:\/\/narsil.net\/index.php?rest_route=%2Fwp%2Fv2%2Fcategories&post=2"},{"taxonomy":"post_tag","embeddable":true,"href":"https:\/\/narsil.net\/index.php?rest_route=%2Fwp%2Fv2%2Ftags&post=2"}],"curies":[{"name":"wp","href":"https:\/\/api.w.org\/{rel}","templated":true}]}}